{"id":28,"date":"2023-06-13T10:10:08","date_gmt":"2023-06-13T10:10:08","guid":{"rendered":"https:\/\/maka.wp2740598.hostingrd.pl\/?page_id=28"},"modified":"2023-06-28T09:52:56","modified_gmt":"2023-06-28T09:52:56","slug":"kontakt","status":"publish","type":"page","link":"https:\/\/maka.wp2740598.hostingrd.pl\/?page_id=28","title":{"rendered":"Kontakt"},"content":{"rendered":"<style>.kb-row-layout-id_188008-1f > .kt-row-column-wrap{align-content:start;}:where(.kb-row-layout-id_188008-1f > .kt-row-column-wrap) > .wp-block-kadence-column{justify-content:start;}.kb-row-layout-id_188008-1f > .kt-row-column-wrap{column-gap:var(--global-kb-gap-md, 2rem);row-gap:var(--global-kb-gap-md, 2rem);max-width:var( --global-content-width, 1290px );padding-left:var(--global-content-edge-padding);padding-right:var(--global-content-edge-padding);padding-top:var(--global-kb-spacing-xxl, 5rem);padding-bottom:var(--global-kb-spacing-xxl, 5rem);grid-template-columns:minmax(0, 1fr);}.kb-row-layout-id_188008-1f > .kt-row-layout-overlay{opacity:0.30;}@media all and (max-width: 1024px){.kb-row-layout-id_188008-1f > .kt-row-column-wrap{grid-template-columns:minmax(0, 1fr);}}@media all and (max-width: 767px){.kb-row-layout-id_188008-1f > .kt-row-column-wrap{grid-template-columns:minmax(0, 1fr);}}<\/style><div class=\"kb-row-layout-wrap kb-row-layout-id_188008-1f alignfull has-theme-palette4-background-color kt-row-has-bg wp-block-kadence-rowlayout\"><div class=\"kt-row-column-wrap kt-has-1-columns kt-row-layout-equal kt-tab-layout-inherit kt-mobile-layout-row kt-row-valign-top kb-theme-content-width\">\n<style>.kadence-column_70ea86-27, .kt-inside-inner-col > .kadence-column_70ea86-27:not(.specificity){margin-bottom:0px;}.kadence-column_70ea86-27 > .kt-inside-inner-col{padding-bottom:0px;}.kadence-column_70ea86-27 > .kt-inside-inner-col,.kadence-column_70ea86-27 > .kt-inside-inner-col:before{border-top-left-radius:0px;border-top-right-radius:0px;border-bottom-right-radius:0px;border-bottom-left-radius:0px;}.kadence-column_70ea86-27 > .kt-inside-inner-col{justify-content:flex-start;flex-direction:column;display:flex;}.kadence-column_70ea86-27 > .kt-inside-inner-col > .aligncenter{width:100%;}.kt-row-column-wrap > .kadence-column_70ea86-27{align-self:flex-start;}.kt-inner-column-height-full:not(.kt-has-1-columns) > .wp-block-kadence-column.kadence-column_70ea86-27{align-self:auto;}.kt-inner-column-height-full:not(.kt-has-1-columns) > .wp-block-kadence-column.kadence-column_70ea86-27 > .kt-inside-inner-col{display:flex;flex-direction:column;justify-content:flex-start;}.kadence-column_70ea86-27 > .kt-inside-inner-col:before{opacity:0.3;}.kadence-column_70ea86-27{position:relative;}<\/style>\n<div class=\"wp-block-kadence-column kadence-column_70ea86-27 kb-section-dir-vertical inner-column-2\"><div class=\"kt-inside-inner-col\"><style>.wp-block-kadence-advancedheading.kt-adv-heading_4d80e5-b3, .wp-block-kadence-advancedheading.kt-adv-heading_4d80e5-b3[data-kb-block=\"kb-adv-heading_4d80e5-b3\"]{padding-top:0px;padding-bottom:var(--global-kb-spacing-sm, 1.5rem);margin-top:0px;margin-bottom:0px;font-size:var(--global-kb-font-size-xxl, 4rem);line-height:1;font-style:normal;color:#f5deb3;}.wp-block-kadence-advancedheading.kt-adv-heading_4d80e5-b3 mark, .wp-block-kadence-advancedheading.kt-adv-heading_4d80e5-b3[data-kb-block=\"kb-adv-heading_4d80e5-b3\"] mark{font-style:normal;color:#f76a0c;padding-top:0px;padding-right:0px;padding-bottom:0px;padding-left:0px;}<\/style>\n<h2 class=\"kt-adv-heading_4d80e5-b3 wp-block-kadence-advancedheading\" data-kb-block=\"kb-adv-heading_4d80e5-b3\">Aby z\u0142o\u017cy\u0107 zam\u00f3wienie, skontaktuj si\u0119 z nami z u\u017cyciem poni\u017cszego formularza.<\/h2>\n\n\n<style>.wp-block-kadence-advancedheading.kt-adv-heading_ff7d9c-88, .wp-block-kadence-advancedheading.kt-adv-heading_ff7d9c-88[data-kb-block=\"kb-adv-heading_ff7d9c-88\"]{padding-top:0px;padding-bottom:var(--global-kb-spacing-sm, 1.5rem);margin-top:0px;margin-bottom:0px;font-size:var(--global-kb-font-size-md, 1.25rem);font-style:normal;}.wp-block-kadence-advancedheading.kt-adv-heading_ff7d9c-88 mark, .wp-block-kadence-advancedheading.kt-adv-heading_ff7d9c-88[data-kb-block=\"kb-adv-heading_ff7d9c-88\"] mark{font-style:normal;color:#f76a0c;padding-top:0px;padding-right:0px;padding-bottom:0px;padding-left:0px;}<\/style>\n<p class=\"kt-adv-heading_ff7d9c-88 wp-block-kadence-advancedheading has-theme-palette-8-color has-text-color\" data-kb-block=\"kb-adv-heading_ff7d9c-88\">Lub odwied\u017a nas osobi\u015bcie w naszym gospodarstwie.<\/p>\n<\/div><\/div>\n\n<\/div><\/div>\n\n<style>.kb-row-layout-id_f6868f-1a > .kt-row-column-wrap{align-content:start;}:where(.kb-row-layout-id_f6868f-1a > .kt-row-column-wrap) > .wp-block-kadence-column{justify-content:start;}.kb-row-layout-id_f6868f-1a > .kt-row-column-wrap{column-gap:var(--global-kb-gap-none, 0 );row-gap:var(--global-kb-gap-md, 2rem);max-width:600px;margin-left:auto;margin-right:auto;padding-top:var(--global-kb-spacing-xl, 4rem);padding-bottom:var(--global-kb-spacing-xxl, 5rem);grid-template-columns:minmax(0, 1fr);}.kb-row-layout-id_f6868f-1a > .kt-row-layout-overlay{opacity:0.30;}@media all and (max-width: 1024px){.kb-row-layout-id_f6868f-1a > .kt-row-column-wrap{row-gap:var(--global-kb-gap-sm, 1rem);grid-template-columns:minmax(0, 1fr);}}@media all and (max-width: 767px){.kb-row-layout-id_f6868f-1a > .kt-row-column-wrap{row-gap:var(--global-kb-gap-sm, 1rem);grid-template-columns:minmax(0, 1fr);}}<\/style><div class=\"kb-row-layout-wrap kb-row-layout-id_f6868f-1a alignfull has-theme-palette9-background-color kt-row-has-bg wp-block-kadence-rowlayout\"><div class=\"kt-row-column-wrap kt-has-2-columns kt-row-layout-row kt-tab-layout-row kt-mobile-layout-row kt-row-valign-top\">\n<style>.kadence-column_79ccb3-1f > .kt-inside-inner-col,.kadence-column_79ccb3-1f > .kt-inside-inner-col:before{border-top-left-radius:0px;border-top-right-radius:0px;border-bottom-right-radius:0px;border-bottom-left-radius:0px;}.kadence-column_79ccb3-1f > .kt-inside-inner-col:before{opacity:0.3;}.kadence-column_79ccb3-1f{position:relative;}<\/style>\n<div class=\"wp-block-kadence-column kadence-column_79ccb3-1f inner-column-1\"><div class=\"kt-inside-inner-col\"><style>.wp-block-kadence-advancedheading.kt-adv-heading_2984e0-85, .wp-block-kadence-advancedheading.kt-adv-heading_2984e0-85[data-kb-block=\"kb-adv-heading_2984e0-85\"]{padding-bottom:var(--global-kb-spacing-sm, 1.5rem);margin-bottom:0px;font-size:var(--global-kb-font-size-xl, 3rem);line-height:1.2;font-style:normal;}.wp-block-kadence-advancedheading.kt-adv-heading_2984e0-85 mark, .wp-block-kadence-advancedheading.kt-adv-heading_2984e0-85[data-kb-block=\"kb-adv-heading_2984e0-85\"] mark{font-style:normal;color:#f76a0c;padding-top:0px;padding-right:0px;padding-bottom:0px;padding-left:0px;}<\/style>\n<h2 class=\"kt-adv-heading_2984e0-85 wp-block-kadence-advancedheading has-theme-palette-3-color has-text-color\" data-kb-block=\"kb-adv-heading_2984e0-85\">Napisz do nas<\/h2>\n\n\n<style>.wp-block-kadence-advancedheading.kt-adv-heading_99912b-43, .wp-block-kadence-advancedheading.kt-adv-heading_99912b-43[data-kb-block=\"kb-adv-heading_99912b-43\"]{font-style:normal;}.wp-block-kadence-advancedheading.kt-adv-heading_99912b-43 mark, .wp-block-kadence-advancedheading.kt-adv-heading_99912b-43[data-kb-block=\"kb-adv-heading_99912b-43\"] mark{font-style:normal;color:#f76a0c;padding-top:0px;padding-right:0px;padding-bottom:0px;padding-left:0px;}<\/style>\n<p class=\"kt-adv-heading_99912b-43 wp-block-kadence-advancedheading has-theme-palette-3-color has-text-color\" data-kb-block=\"kb-adv-heading_99912b-43\">Neque porro quisquam est qui dolorem ipsum quia dolor sit amet, consectetur, adipisci velit.<\/p>\n<\/div><\/div>\n\n\n<style>.kadence-column_f39292-54 > .kt-inside-inner-col,.kadence-column_f39292-54 > .kt-inside-inner-col:before{border-top-left-radius:0px;border-top-right-radius:0px;border-bottom-right-radius:0px;border-bottom-left-radius:0px;}.kadence-column_f39292-54 > .kt-inside-inner-col:before{opacity:0.3;}.kadence-column_f39292-54{position:relative;}<\/style>\n<div class=\"wp-block-kadence-column kadence-column_f39292-54 inner-column-2\"><div class=\"kt-inside-inner-col\"><style>.kadence-form-_d80446-38 .kb-form .kadence-blocks-form-field .kb-text-style-field, .kadence-form-_d80446-38 .kb-form .kadence-blocks-form-field .kb-select-style-field{color:var(--global-palette4, #2D3748);background:var(--global-palette9, #ffffff);border-color:var(--global-palette6, #718096);}.kadence-form-_d80446-38 .kb-form .kadence-blocks-form-field > label{color:var(--global-palette3, #1A202C);}<\/style>\n<div class=\"wp-block-kadence-form kadence-form-_d80446-38 kb-form-wrap\"><form class=\"kb-form\" action=\"\" method=\"post\"><div class=\"kadence-blocks-form-field kb-field-desk-width-100 kb-input-size-standard\"><label for=\"kb_field__d80446-38_0\">Imi\u0119 i nazwisko<span class=\"required\">*<\/span><\/label><input name=\"kb_field_0\" id=\"kb_field__d80446-38_0\" data-label=\"Imi\u0119 i nazwisko\" type=\"text\" placeholder=\"\" value=\"\" data-type=\"text\" class=\"kb-field kb-text-style-field kb-text-field kb-field-0\" data-required=\"yes\"\/><\/div><div class=\"kadence-blocks-form-field kb-form-field-1 kb-field-desk-width-100 kb-input-size-standard\"><label for=\"kb_field__d80446-38_1\">Adres e-mail<span class=\"required\">*<\/span><\/label><input name=\"kb_field_1\" id=\"kb_field__d80446-38_1\" data-label=\"Adres e-mail\" type=\"email\" placeholder=\"\" value=\"\" data-type=\"email\" class=\"kb-field kb-text-style-field kb-email-field kb-field-1\" data-required=\"yes\"\/><\/div><div class=\"kadence-blocks-form-field kb-form-field-2 kb-field-desk-width-100 kb-input-size-standard\"><label for=\"kb_field__d80446-38_2\">Tre\u015b\u0107 wiadomo\u015bci<span class=\"required\">*<\/span><\/label><textarea name=\"kb_field_2\" id=\"kb_field__d80446-38_2\" data-label=\"Tre\u015b\u0107 wiadomo\u015bci\" type=\"textarea\" placeholder=\"\" data-type=\"textarea\" class=\"kb-field kb-text-style-field kb-textarea-field kb-field-2\" rows=\"4\" data-required=\"yes\"><\/textarea><\/div><input type=\"hidden\" name=\"_kb_form_id\" value=\"_d80446-38\"\/><input type=\"hidden\" name=\"_kb_form_post_id\" value=\"28\"\/><input type=\"hidden\" name=\"action\" value=\"kb_process_ajax_submit\"\/><input class=\"kadence-blocks-field verify\" type=\"text\" name=\"_kb_verify_email\" autocomplete=\"new-password\" aria-hidden=\"true\" placeholder=\"Email\" tabindex=\"-1\" data-1p-ignore=\"true\" data-lpignore=\"true\" \/><div class=\"kadence-blocks-form-field kb-submit-field kb-field-desk-width-100\"><button class=\"kb-forms-submit button kb-button-size-standard kb-button-width-auto\">Wy\u015blij wiadomo\u015b\u0107<\/button><\/div><\/form><\/div>\n<noscript><div class=\"kadence-blocks-form-message kadence-blocks-form-warning\">Please enable JavaScript in your browser to submit the form<\/div><style>.kadence-form-_d80446-38 .kadence-blocks-form-field.kb-submit-field { display: none; }<\/style><\/noscript><\/div><\/div>\n\n<\/div><\/div>\n\n<style>.kb-row-layout-id_ea2271-0e > .kt-row-column-wrap{align-content:center;}:where(.kb-row-layout-id_ea2271-0e > .kt-row-column-wrap) > .wp-block-kadence-column{justify-content:center;}.kb-row-layout-id_ea2271-0e > .kt-row-column-wrap{column-gap:var(--global-kb-gap-lg, 4rem);row-gap:var(--global-kb-gap-md, 2rem);max-width:var( --global-content-width, 1290px );padding-left:var(--global-content-edge-padding);padding-right:var(--global-content-edge-padding);grid-template-columns:repeat(2, minmax(0, 1fr));}.kb-row-layout-id_ea2271-0e{--breakout-negative-margin-right:calc( ( ( ( var(--global-vw, 100vw) - ( var( --global-content-width, 1290px ) - ( var(--global-content-edge-padding)*2 ) ) ) \/ 2 ) *-1) + -1px);--breakout-negative-margin-left:calc( ( ( ( var(--global-vw, 100vw) - ( var( --global-content-width, 1290px ) - ( var(--global-content-edge-padding)*2 ) ) ) \/ 2 ) *-1) + -1px);}@media all and (min-width:1290px){.kb-row-layout-id_ea2271-0e > .kt-row-column-wrap > .wp-block-kadence-column:nth-child(2):not(.specificity){margin-right:var(--breakout-negative-margin-right);}}.kb-row-layout-id_ea2271-0e > .kt-row-layout-overlay{opacity:0.30;}.kb-row-layout-id_ea2271-0e a{color:var(--global-palette9, #ffffff);}.kb-row-layout-id_ea2271-0e a:hover{color:var(--global-palette8, #F7FAFC);}@media all and (min-width: 1025px){.kb-row-layout-id_ea2271-0e > .kt-row-column-wrap > .wp-block-kadence-column:nth-child(2){margin-right:calc( var(--global-content-edge-padding) *-1 );}}@media all and (max-width: 1024px){.kb-row-layout-id_ea2271-0e > .kt-row-column-wrap{padding-bottom:var(--global-kb-spacing-xl, 4rem);grid-template-columns:minmax(0, 1fr);}}@media all and (min-width: 768px) and (max-width: 1024px){.kb-row-layout-id_ea2271-0e > .kt-row-column-wrap:not(.kt-tab-layout-row) > .wp-block-kadence-column:nth-child(2){margin-right:calc( var(--global-content-edge-padding) *-1 );}}@media all and (max-width: 767px){.kb-row-layout-id_ea2271-0e > .kt-row-column-wrap{grid-template-columns:minmax(0, 1fr);}}<\/style><div class=\"kb-row-layout-wrap kb-row-layout-id_ea2271-0e alignfull has-theme-palette4-background-color kt-row-has-bg wp-block-kadence-rowlayout\"><div class=\"kt-row-column-wrap kt-has-2-columns kt-row-layout-equal kt-tab-layout-row kt-mobile-layout-row kt-row-valign-middle kb-theme-content-width\">\n<style>.kadence-column_ddc72f-72 > .kt-inside-inner-col,.kadence-column_ddc72f-72 > .kt-inside-inner-col:before{border-top-left-radius:0px;border-top-right-radius:0px;border-bottom-right-radius:0px;border-bottom-left-radius:0px;}.kadence-column_ddc72f-72 > .kt-inside-inner-col:before{opacity:0.3;}.kadence-column_ddc72f-72{position:relative;}<\/style>\n<div class=\"wp-block-kadence-column kadence-column_ddc72f-72\"><div class=\"kt-inside-inner-col\"><style>.wp-block-kadence-advancedheading.kt-adv-heading_3a796a-ee, .wp-block-kadence-advancedheading.kt-adv-heading_3a796a-ee[data-kb-block=\"kb-adv-heading_3a796a-ee\"]{margin-bottom:var(--global-kb-spacing-xxs, 0.5rem);font-size:var(--global-kb-font-size-lg, 2rem);font-style:normal;color:#f5deb3;}.wp-block-kadence-advancedheading.kt-adv-heading_3a796a-ee mark, .wp-block-kadence-advancedheading.kt-adv-heading_3a796a-ee[data-kb-block=\"kb-adv-heading_3a796a-ee\"] mark{font-style:normal;color:#f76a0c;padding-top:0px;padding-right:0px;padding-bottom:0px;padding-left:0px;}<\/style>\n<h2 class=\"kt-adv-heading_3a796a-ee wp-block-kadence-advancedheading\" data-kb-block=\"kb-adv-heading_3a796a-ee\">Znajd\u017a nas<\/h2>\n\n\n<style>.wp-block-kadence-advancedheading.kt-adv-heading_7c39c5-30, .wp-block-kadence-advancedheading.kt-adv-heading_7c39c5-30[data-kb-block=\"kb-adv-heading_7c39c5-30\"]{font-style:normal;}.wp-block-kadence-advancedheading.kt-adv-heading_7c39c5-30 mark, .wp-block-kadence-advancedheading.kt-adv-heading_7c39c5-30[data-kb-block=\"kb-adv-heading_7c39c5-30\"] mark{font-style:normal;color:#f76a0c;padding-top:0px;padding-right:0px;padding-bottom:0px;padding-left:0px;}<\/style>\n<div class=\"kt-adv-heading_7c39c5-30 wp-block-kadence-advancedheading has-theme-palette-9-color has-text-color\" data-kb-block=\"kb-adv-heading_7c39c5-30\">Neque porro quisquam est qui dolorem ipsum quia dolor sit amet, consectetur, adipisci velit.<\/div>\n\n\n<style>.kb-row-layout-id_db302f-cf > .kt-row-column-wrap{align-content:start;}:where(.kb-row-layout-id_db302f-cf > .kt-row-column-wrap) > .wp-block-kadence-column{justify-content:start;}.kb-row-layout-id_db302f-cf > .kt-row-column-wrap{column-gap:var(--global-kb-gap-sm, 1rem);row-gap:var(--global-kb-gap-md, 2rem);padding-top:var(--global-kb-spacing-sm, 1.5rem);padding-bottom:var(--global-kb-spacing-xxs, 0.5rem);grid-template-columns:minmax(0, 45%) minmax(0, 55%);}.kb-row-layout-id_db302f-cf > .kt-row-layout-overlay{opacity:0.30;}@media all and (max-width: 1024px){.kb-row-layout-id_db302f-cf > .kt-row-column-wrap{grid-template-columns:repeat(2, minmax(0, 1fr));}}@media all and (max-width: 767px){.kb-row-layout-id_db302f-cf > .kt-row-column-wrap{grid-template-columns:minmax(0, 1fr);}}<\/style><div class=\"kb-row-layout-wrap kb-row-layout-id_db302f-cf alignnone wp-block-kadence-rowlayout\"><div class=\"kt-row-column-wrap kt-has-2-columns kt-row-layout-equal kt-tab-layout-inherit kt-mobile-layout-row kt-row-valign-top\">\n<style>.kadence-column_8fd016-96 > .kt-inside-inner-col,.kadence-column_8fd016-96 > .kt-inside-inner-col:before{border-top-left-radius:0px;border-top-right-radius:0px;border-bottom-right-radius:0px;border-bottom-left-radius:0px;}.kadence-column_8fd016-96 > .kt-inside-inner-col:before{opacity:0.3;}.kadence-column_8fd016-96{text-align:left;}.kadence-column_8fd016-96{position:relative;}<\/style>\n<div class=\"wp-block-kadence-column kadence-column_8fd016-96 kb-section-dir-vertical\"><div class=\"kt-inside-inner-col\"><style>.wp-block-kadence-advancedheading.kt-adv-heading_e8de29-cf, .wp-block-kadence-advancedheading.kt-adv-heading_e8de29-cf[data-kb-block=\"kb-adv-heading_e8de29-cf\"]{padding-bottom:var(--global-kb-spacing-sm, 1.5rem);font-style:normal;}.wp-block-kadence-advancedheading.kt-adv-heading_e8de29-cf mark, .wp-block-kadence-advancedheading.kt-adv-heading_e8de29-cf[data-kb-block=\"kb-adv-heading_e8de29-cf\"] mark{font-style:normal;color:#f76a0c;padding-top:0px;padding-right:0px;padding-bottom:0px;padding-left:0px;}<\/style>\n<div class=\"kt-adv-heading_e8de29-cf wp-block-kadence-advancedheading has-theme-palette-9-color has-text-color\" data-kb-block=\"kb-adv-heading_e8de29-cf\">kontakt@bio.pl<\/div>\n\n\n<style>.wp-block-kadence-advancedheading.kt-adv-heading_49d78d-e8, .wp-block-kadence-advancedheading.kt-adv-heading_49d78d-e8[data-kb-block=\"kb-adv-heading_49d78d-e8\"]{padding-bottom:var(--global-kb-spacing-xs, 1rem);text-align:left;font-style:normal;}.wp-block-kadence-advancedheading.kt-adv-heading_49d78d-e8 mark, .wp-block-kadence-advancedheading.kt-adv-heading_49d78d-e8[data-kb-block=\"kb-adv-heading_49d78d-e8\"] mark{font-style:normal;color:#f76a0c;padding-top:0px;padding-right:0px;padding-bottom:0px;padding-left:0px;}<\/style>\n<div class=\"kt-adv-heading_49d78d-e8 wp-block-kadence-advancedheading has-theme-palette-9-color has-text-color\" data-kb-block=\"kb-adv-heading_49d78d-e8\">+48 22 123 45 67<\/div>\n\n\n<style>.wp-block-kadence-advancedheading.kt-adv-heading_2b6771-f8, .wp-block-kadence-advancedheading.kt-adv-heading_2b6771-f8[data-kb-block=\"kb-adv-heading_2b6771-f8\"]{font-style:normal;}.wp-block-kadence-advancedheading.kt-adv-heading_2b6771-f8 mark, .wp-block-kadence-advancedheading.kt-adv-heading_2b6771-f8[data-kb-block=\"kb-adv-heading_2b6771-f8\"] mark{font-style:normal;color:#f76a0c;padding-top:0px;padding-right:0px;padding-bottom:0px;padding-left:0px;}<\/style>\n<div class=\"kt-adv-heading_2b6771-f8 wp-block-kadence-advancedheading has-theme-palette-9-color has-text-color\" data-kb-block=\"kb-adv-heading_2b6771-f8\">Wiejska 1<br>Borki Kosiorki<br>Polska<\/div>\n<\/div><\/div>\n\n\n<style>.kadence-column_f3b287-4a > .kt-inside-inner-col,.kadence-column_f3b287-4a > .kt-inside-inner-col:before{border-top-left-radius:0px;border-top-right-radius:0px;border-bottom-right-radius:0px;border-bottom-left-radius:0px;}.kadence-column_f3b287-4a > .kt-inside-inner-col:before{opacity:0.3;}.kadence-column_f3b287-4a{position:relative;}<\/style>\n<div class=\"wp-block-kadence-column kadence-column_f3b287-4a kb-section-dir-vertical\"><div class=\"kt-inside-inner-col\"><style>.wp-block-kadence-advancedheading.kt-adv-heading_0bf355-70, .wp-block-kadence-advancedheading.kt-adv-heading_0bf355-70[data-kb-block=\"kb-adv-heading_0bf355-70\"]{padding-bottom:var(--global-kb-spacing-sm, 1.5rem);font-style:normal;}.wp-block-kadence-advancedheading.kt-adv-heading_0bf355-70 mark, .wp-block-kadence-advancedheading.kt-adv-heading_0bf355-70[data-kb-block=\"kb-adv-heading_0bf355-70\"] mark{font-style:normal;color:#f76a0c;padding-top:0px;padding-right:0px;padding-bottom:0px;padding-left:0px;}<\/style>\n<div class=\"kt-adv-heading_0bf355-70 wp-block-kadence-advancedheading has-theme-palette-9-color has-text-color\" data-kb-block=\"kb-adv-heading_0bf355-70\"><strong>Godziny otwarcia<\/strong><\/div>\n\n\n<style>.kb-row-layout-id_4fa4d6-eb > .kt-row-column-wrap{align-content:start;}:where(.kb-row-layout-id_4fa4d6-eb > .kt-row-column-wrap) > .wp-block-kadence-column{justify-content:start;}.kb-row-layout-id_4fa4d6-eb > .kt-row-column-wrap{column-gap:var(--global-kb-gap-sm, 1rem);row-gap:var(--global-kb-gap-md, 2rem);padding-top:0px;padding-bottom:0px;grid-template-columns:minmax(0, 45%) minmax(0, 55%);}.kb-row-layout-id_4fa4d6-eb > .kt-row-layout-overlay{opacity:0.30;}@media all and (max-width: 1024px){.kb-row-layout-id_4fa4d6-eb > .kt-row-column-wrap{grid-template-columns:repeat(2, minmax(0, 1fr));}}@media all and (max-width: 767px){.kb-row-layout-id_4fa4d6-eb > .kt-row-column-wrap{column-gap:var(--global-kb-gap-none, 0 );padding-right:0px;padding-left:0px;grid-template-columns:repeat(2, minmax(0, 1fr));}}<\/style><div class=\"kb-row-layout-wrap kb-row-layout-id_4fa4d6-eb alignnone wp-block-kadence-rowlayout\"><div class=\"kt-row-column-wrap kt-has-2-columns kt-row-layout-equal kt-tab-layout-inherit kt-mobile-layout-equal kt-row-valign-top\">\n<style>.kadence-column_d23d9f-9f > .kt-inside-inner-col,.kadence-column_d23d9f-9f > .kt-inside-inner-col:before{border-top-left-radius:0px;border-top-right-radius:0px;border-bottom-right-radius:0px;border-bottom-left-radius:0px;}.kadence-column_d23d9f-9f > .kt-inside-inner-col:before{opacity:0.3;}.kadence-column_d23d9f-9f{position:relative;}<\/style>\n<div class=\"wp-block-kadence-column kadence-column_d23d9f-9f\"><div class=\"kt-inside-inner-col\"><style>.wp-block-kadence-advancedheading.kt-adv-heading_e08578-43, .wp-block-kadence-advancedheading.kt-adv-heading_e08578-43[data-kb-block=\"kb-adv-heading_e08578-43\"]{font-style:normal;}.wp-block-kadence-advancedheading.kt-adv-heading_e08578-43 mark, .wp-block-kadence-advancedheading.kt-adv-heading_e08578-43[data-kb-block=\"kb-adv-heading_e08578-43\"] mark{font-style:normal;color:#f76a0c;padding-top:0px;padding-right:0px;padding-bottom:0px;padding-left:0px;}<\/style>\n<div class=\"kt-adv-heading_e08578-43 wp-block-kadence-advancedheading has-theme-palette-9-color has-text-color\" data-kb-block=\"kb-adv-heading_e08578-43\">Poniedzia\u0142ek<br>Wtorek<\/div>\n\n\n<style>.wp-block-kadence-advancedheading.kt-adv-heading_72205b-e6, .wp-block-kadence-advancedheading.kt-adv-heading_72205b-e6[data-kb-block=\"kb-adv-heading_72205b-e6\"]{font-style:normal;}.wp-block-kadence-advancedheading.kt-adv-heading_72205b-e6 mark, .wp-block-kadence-advancedheading.kt-adv-heading_72205b-e6[data-kb-block=\"kb-adv-heading_72205b-e6\"] mark{font-style:normal;color:#f76a0c;padding-top:0px;padding-right:0px;padding-bottom:0px;padding-left:0px;}<\/style>\n<div class=\"kt-adv-heading_72205b-e6 wp-block-kadence-advancedheading has-theme-palette-9-color has-text-color\" data-kb-block=\"kb-adv-heading_72205b-e6\">\u015aroda<br>Czwartek<br>Pi\u0105tek<br>Sobota<br>Niedziela<\/div>\n<\/div><\/div>\n\n\n<style>.kadence-column_4a6d95-7d > .kt-inside-inner-col,.kadence-column_4a6d95-7d > .kt-inside-inner-col:before{border-top-left-radius:0px;border-top-right-radius:0px;border-bottom-right-radius:0px;border-bottom-left-radius:0px;}.kadence-column_4a6d95-7d > .kt-inside-inner-col:before{opacity:0.3;}.kadence-column_4a6d95-7d{position:relative;}<\/style>\n<div class=\"wp-block-kadence-column kadence-column_4a6d95-7d\"><div class=\"kt-inside-inner-col\"><style>.wp-block-kadence-advancedheading.kt-adv-heading_a1d803-9e, .wp-block-kadence-advancedheading.kt-adv-heading_a1d803-9e[data-kb-block=\"kb-adv-heading_a1d803-9e\"]{font-style:normal;}.wp-block-kadence-advancedheading.kt-adv-heading_a1d803-9e mark, .wp-block-kadence-advancedheading.kt-adv-heading_a1d803-9e[data-kb-block=\"kb-adv-heading_a1d803-9e\"] mark{font-style:normal;color:#f76a0c;padding-top:0px;padding-right:0px;padding-bottom:0px;padding-left:0px;}<\/style>\n<div class=\"kt-adv-heading_a1d803-9e wp-block-kadence-advancedheading has-theme-palette-9-color has-text-color\" data-kb-block=\"kb-adv-heading_a1d803-9e\">8:00 &#8211; 18:00<br>8:00 &#8211; 18:00<br>8:00 &#8211; 18:00<br>8:00 &#8211; 18:00<br>8:00 &#8211; 18:00<br>10:00 &#8211; 14:00<br>Zamkni\u0119te<\/div>\n<\/div><\/div>\n\n<\/div><\/div><\/div><\/div>\n\n<\/div><\/div><\/div><\/div>\n\n\n<style>.kadence-column_513776-68 > .kt-inside-inner-col,.kadence-column_513776-68 > .kt-inside-inner-col:before{border-top-left-radius:0px;border-top-right-radius:0px;border-bottom-right-radius:0px;border-bottom-left-radius:0px;}.kadence-column_513776-68 > .kt-inside-inner-col:before{opacity:0.3;}.kadence-column_513776-68{position:relative;}<\/style>\n<div class=\"wp-block-kadence-column kadence-column_513776-68\"><div class=\"kt-inside-inner-col\"><style>.kb-google-maps-container_f9d2a7-b8{height:584px;}<\/style><div class=\"kb-google-maps-container kb-google-maps-container_f9d2a7-b8  wp-block-kadence-googlemaps\" data-mapid=\"_f9d2a7-b8\"><iframe width=\"100%\" height=\"100%\"\n\t\t\t\t\t\t\tstyle=\"border:0\" loading=\"lazy\"\n\t\t\t\t\t\t\tsrc=\"https:\/\/www.google.com\/maps\/embed\/v1\/place?key=AIzaSyBAM2o7PiQqwk15LC1XRH2e_KJ-jUa7KYk&#038;zoom=12&#038;maptype=roadmap&#038;q=Borki+Kosiorki\"\n\t\t\t\t\t\t\ttitle=\"Google map of Borki Kosiorki\"><\/iframe><\/div><script>function kb_google_map_f9d2a7_b8() { let center = { lat: 37.8201, lng: -122.4781}; let map = new google.maps.Map(document.getElementById(\"kb-google-map_f9d2a7-b8\"), {\n\t\t\t\t\t    zoom: 12,\n\t\t\t\t\t    center: center,});let marker = new google.maps.Marker({   position: { lat: 37.8201, lng: -122.4781},    map: map,  });}<\/script><\/div><\/div>\n\n<\/div><\/div>","protected":false},"excerpt":{"rendered":"<p>Aby z\u0142o\u017cy\u0107 zam\u00f3wienie, skontaktuj si\u0119 z nami z u\u017cyciem poni\u017cszego formularza. Lub odwied\u017a nas osobi\u015bcie w naszym gospodarstwie. Napisz do nas Neque porro quisquam est qui dolorem ipsum quia dolor sit amet, consectetur, adipisci velit. Znajd\u017a nas Neque porro quisquam est qui dolorem ipsum quia dolor sit amet, consectetur, adipisci velit. kontakt@bio.pl +48 22 123&#8230;<\/p>\n","protected":false},"author":1,"featured_media":0,"parent":0,"menu_order":2,"comment_status":"closed","ping_status":"closed","template":"","meta":{"_kad_post_transparent":"","_kad_post_title":"","_kad_post_layout":"","_kad_post_sidebar_id":"","_kad_post_content_style":"","_kad_post_vertical_padding":"","_kad_post_feature":"","_kad_post_feature_position":"","_kad_post_header":false,"_kad_post_footer":false,"footnotes":""},"class_list":["post-28","page","type-page","status-publish","hentry"],"_links":{"self":[{"href":"https:\/\/maka.wp2740598.hostingrd.pl\/index.php?rest_route=\/wp\/v2\/pages\/28","targetHints":{"allow":["GET"]}}],"collection":[{"href":"https:\/\/maka.wp2740598.hostingrd.pl\/index.php?rest_route=\/wp\/v2\/pages"}],"about":[{"href":"https:\/\/maka.wp2740598.hostingrd.pl\/index.php?rest_route=\/wp\/v2\/types\/page"}],"author":[{"embeddable":true,"href":"https:\/\/maka.wp2740598.hostingrd.pl\/index.php?rest_route=\/wp\/v2\/users\/1"}],"replies":[{"embeddable":true,"href":"https:\/\/maka.wp2740598.hostingrd.pl\/index.php?rest_route=%2Fwp%2Fv2%2Fcomments&post=28"}],"version-history":[{"count":5,"href":"https:\/\/maka.wp2740598.hostingrd.pl\/index.php?rest_route=\/wp\/v2\/pages\/28\/revisions"}],"predecessor-version":[{"id":82,"href":"https:\/\/maka.wp2740598.hostingrd.pl\/index.php?rest_route=\/wp\/v2\/pages\/28\/revisions\/82"}],"wp:attachment":[{"href":"https:\/\/maka.wp2740598.hostingrd.pl\/index.php?rest_route=%2Fwp%2Fv2%2Fmedia&parent=28"}],"curies":[{"name":"wp","href":"https:\/\/api.w.org\/{rel}","templated":true}]}}